{"id":205,"date":"2019-03-18T18:27:18","date_gmt":"2019-03-18T17:27:18","guid":{"rendered":"http:\/\/www.fybalawyers.com\/?page_id=205"},"modified":"2024-02-06T21:33:28","modified_gmt":"2024-02-06T20:33:28","slug":"accueil","status":"publish","type":"page","link":"https:\/\/www.fybalawyers.com\/es\/","title":{"rendered":"Accueil"},"content":{"rendered":"<p>[vc_row full_width=\u00bbstretch_row_content_no_spaces\u00bb css=\u00bb.vc_custom_1549378355496{padding: 0px !important;}\u00bb][vc_column][mbp_cabinet titre=\u00bbBUFETE\u00bb]<\/p>\n<p style=\"text-align: justify;\">Fundado en 2003 por <strong>el Letrado Youssef Fassi-Fihri y el Letrado Adil Belarbi<\/strong>. El Bufete <strong>FybaLawyers<\/strong> hoy en d\u00eda es muy conocido y tiene buena reputaci\u00f3n en la ciudad de Casablanca.<\/p>\n<p style=\"text-align: justify;\">Ofrece sus servicios en varios \u00e1mbitos de <strong>derecho<\/strong> dando consejos o en asuntos contenciosos. Adem\u00e1s, el Bufete actualmente es muy famoso por su peritaje sobre todo en lo social, comercial y penal de negocios.<\/p>\n<p style=\"text-align: justify;\">El Bufete acompa\u00f1a a sus clientes en la toma de sus decisiones con el fin de anticipar el riesgo contencioso garantizando la toma a cargo eficiente y r\u00e1pida de los procedimientos contenciosos.<\/p>\n<p style=\"text-align: justify;\">Nuestro equipo de <strong>16 profesionales<\/strong> trabaja en todas las regiones de Marruecos y es muy distinguido por su extrema <strong>reactividad<\/strong>, <strong>responsabilidad<\/strong> y su <strong>transparencia<\/strong>. Tiene un sistema de informaci\u00f3n moderno. El Bufete est\u00e1 en condiciones de facilitar a sus clientes el estado e informes precisos sobre el avance de cada procedimiento.<\/p>\n<p style=\"text-align: justify;\">Por otra parte, el Bufete participa regularmente en <strong>los seminarios nacionales e internacionales<\/strong> organizados sobre el derecho de los negocios para presentar las novedades legislativas en derecho marroqu\u00ed y hacer el balance de la pr\u00e1ctica judicial.<\/p>\n<p style=\"text-align: justify;\">Finalmente, los medios de comunicaci\u00f3n invitan regularmente<strong> al Letrado Youssef Fassi-Fihri <\/strong>en el marco de los famosos litigios en los cuales es especializado.<\/p>\n<p style=\"text-align: justify;\">Asimismo, interviene de modo regular en las sesiones dedicadas al derecho de empleo y su evoluci\u00f3n en Marruecos.<\/p>\n<p>[\/mbp_cabinet][\/vc_column][\/vc_row][vc_row el_id=\u00bbmoyenshumains\u00bb][vc_column width=\u00bb1\/3&#8243;][vc_column_text]<\/p>\n<h2><span class=\"is-uppercase\">MEDIOS HUMANOS<\/span><\/h2>\n<p>[\/vc_column_text][\/vc_column][vc_column width=\u00bb2\/3&#8243;][vc_row_inner css=\u00bb.vc_custom_1549375689086{margin: 0px !important;padding: 0px !important;}\u00bb][vc_column_inner width=\u00bb1\/3&#8243;][vc_column_text]<\/p>\n<h1>02<\/h1>\n<p><span class=\"is-color3\">Abogados Principales<\/span>[\/vc_column_text][\/vc_column_inner][vc_column_inner width=\u00bb1\/3&#8243;][vc_column_text]<\/p>\n<h1>04<\/h1>\n<p><span class=\"is-color3\">Abogados Colaboradores<\/span>[\/vc_column_text][\/vc_column_inner][vc_column_inner width=\u00bb1\/3&#8243;][vc_column_text]<\/p>\n<h1>04<\/h1>\n<p><span class=\"is-color3\">Gestores internos<\/span>[\/vc_column_text][\/vc_column_inner][\/vc_row_inner][mbp_sep][vc_row_inner css=\u00bb.vc_custom_1549375697085{margin: 0px !important;padding: 0px !important;}\u00bb][vc_column_inner width=\u00bb1\/3&#8243;][vc_column_text]<\/p>\n<h1>04<\/h1>\n<p><span class=\"is-color3\">Gestores externos<\/span>[\/vc_column_text][\/vc_column_inner][vc_column_inner width=\u00bb1\/3&#8243;][vc_column_text]<\/p>\n<h1>02<\/h1>\n<p><span class=\"is-color3\">Secci\u00f3n de contabilidad<\/span>[\/vc_column_text][\/vc_column_inner][vc_column_inner width=\u00bb1\/3&#8243;][\/vc_column_inner][\/vc_row_inner][\/vc_column][\/vc_row][vc_row el_id=\u00bbdomainedactivite\u00bb][vc_column width=\u00bb1\/3&#8243;][vc_column_text]<\/p>\n<h2><span class=\"is-uppercase\">AMBITO DE ACTIVIDAD<\/span><\/h2>\n<p>[\/vc_column_text][\/vc_column][vc_column width=\u00bb2\/3&#8243;][vc_column_text]<\/p>\n<p style=\"text-align: justify;\">Nuestro equipo ha desarrollado una capacidad de atenci\u00f3n muy activa que facilita la identificaci\u00f3n y comprensi\u00f3n de las necesidades de los clientes y los sectores de actividad en los cuales son especializados.<br \/>\nEn cuanto a la reactividad permanente, el Bufete ha logrado ofrecer un valor a\u00f1adido a sus clientes.<\/p>\n<p>[\/vc_column_text][mbp_sep][vc_column_text]El Bufete ofrece servicios en los siguientes \u00e1mbitos:[\/vc_column_text][mbp_sep][vc_row_inner css=\u00bb.vc_custom_1549376355825{padding: 0px !important;}\u00bb][vc_column_inner width=\u00bb1\/2&#8243;][vc_column_text]<\/p>\n<ul class=\"is-font1\">\n<li>Derecho comercial<\/li>\n<li>Derecho bancario<\/li>\n<li>Derecho de empleo y conflictos sociales<\/li>\n<li>Recaudaci\u00f3n contenciosa de deudas<\/li>\n<li>Derecho de contratos<\/li>\n<\/ul>\n<p>[\/vc_column_text][\/vc_column_inner][vc_column_inner width=\u00bb1\/2&#8243;][vc_column_text]<\/p>\n<ul class=\"is-font1\">\n<li>Derecho penal de los negocios (malversaci\u00f3n y abuso de confianza)<\/li>\n<li>Derecho de empresas<\/li>\n<li>Derecho inmobiliario<\/li>\n<\/ul>\n<p>[\/vc_column_text][\/vc_column_inner][\/vc_row_inner][\/vc_column][\/vc_row][vc_row el_id=\u00bbreferences\u00bb][vc_column][mbp_references titre=\u00bbCONFIAN EN NOSOTROS\u00bb][\/vc_column][\/vc_row][vc_row el_id=\u00bbcontact\u00bb][vc_column width=\u00bb1\/6&#8243; offset=\u00bbvc_col-lg-2 vc_col-md-1 vc_hidden-sm vc_hidden-xs\u00bb][\/vc_column][vc_column offset=\u00bbvc_col-lg-8 vc_col-md-10 vc_col-xs-12&#8243;][vc_column_text]<\/p>\n<h2 style=\"text-align: center;\"><span class=\"is-uppercase\">\u00bfALGUNAS PREGUNTAS?<\/span><\/h2>\n<div style=\"text-align: center;\">\n<div class=\"is-color3\">No duden en escribirnos<\/div>\n<\/div>\n<p>[\/vc_column_text][mbp_sep class=\u00bbis-cinquante\u00bb][vc_column_text]<div data-uniq='6a0079911ae57' class='uniq-6a0079911ae57 formcraft-css form-live align-center'><script> window.formcraftLogic = window.formcraftLogic || {}; window.formcraftLogic[4] = []; <\/script><div class=\"fc-pagination-cover fc-pagination-1\">\n\t\t\t\t<div class=\"fc-pagination width-100\">\n\t\t\t\t\t<!-- ngRepeat: page in Builder.FormElements track by $index --><div class=\"pagination-trigger \" data-index=\"0\">\n\t\t\t\t\t\t<span class=\"page-number\"><span >1<\/span><\/span>\n\t\t\t\t\t\t<span class=\"page-name \">Step 1<\/span>\n\t\t\t\t\t\t\n\t\t\t\t\t<\/div><!-- end ngRepeat: page in Builder.FormElements track by $index -->\n\t\t\t\t<\/div>\n\t\t\t<\/div>\n\t\t\t\n\t\t\t<style scoped=\"scoped\" >\n\t\t\t@media (max-width : 480px) {\n\t\t\t\t.fc_modal-dialog-4 .fc-pagination-cover .fc-pagination\n\t\t\t\t{\n\t\t\t\t\tbackground-color: none !important;\n\t\t\t\t}\n\t\t\t}\n\t\t\t\t\t\t.formcraft-css .fc-form.fc-form-4 .form-element .submit-cover .submit-button,\n\t\t\t.formcraft-css .fc-form.fc-form-4 .form-element .fileupload-cover .button-file,\n\t\t\t.formcraft-css .fc-form.fc-form-4 .form-element .field-cover .button,\n\t\t\t.formcraft-datepicker .ui-datepicker-header,\n\t\t\t.formcraft-datepicker .ui-datepicker-title\n\t\t\t{\n\t\t\t\tbackground: #4488ee;\n\t\t\t\tcolor: #fff;\n\t\t\t}\n\t\t\t.formcraft-datepicker td .ui-state-active,\n\t\t\t.formcraft-datepicker td .ui-state-hover,\n\t\t\t.formcraft-css .fc-form.fc-form-4 .form-element .slider-cover .ui-slider-range\n\t\t\t{\n\t\t\t\tbackground: #4488ee;\n\t\t\t}\n\t\t\t#ui-datepicker-div.formcraft-datepicker .ui-datepicker-header,\n\t\t\t.formcraft-css .fc-form .field-cover>div.full hr\n\t\t\t{\n\t\t\t\tborder-color: #3b77d1;\n\t\t\t}\n\t\t\t#ui-datepicker-div.formcraft-datepicker .ui-datepicker-prev:hover,\n\t\t\t#ui-datepicker-div.formcraft-datepicker .ui-datepicker-next:hover,\n\t\t\t#ui-datepicker-div.formcraft-datepicker select.ui-datepicker-month:hover,\n\t\t\t#ui-datepicker-div.formcraft-datepicker select.ui-datepicker-year:hover\n\t\t\t{\n\t\t\t\tbackground-color: #3b77d1;\n\t\t\t}\n\t\t\t.formcraft-css .fc-pagination>div.active .page-number,\n\t\t\t.formcraft-css .form-cover-builder .fc-pagination>div:first-child .page-number\n\t\t\t{\n\t\t\t\tbackground-color: #4488ee;\n\t\t\t\tcolor: #fff;\n\t\t\t}\n\t\t\t#ui-datepicker-div.formcraft-datepicker table.ui-datepicker-calendar th,\n\t\t\t#ui-datepicker-div.formcraft-datepicker table.ui-datepicker-calendar td.ui-datepicker-today a,\n\t\t\t.formcraft-css .fc-form.fc-form-4 .form-element .star-cover label,\n\t\t\thtml .formcraft-css .fc-form.label-floating .form-element .field-cover.has-focus>span,\n\t\t\t.formcraft-css .fc-form.fc-form-4 .form-element .customText-cover a,\n\t\t\t.formcraft-css .prev-next>div span:hover\n\t\t\t{\n\t\t\t\tcolor: #4488ee;\n\t\t\t}\n\t\t\t.formcraft-css .fc-form.fc-form-4 .form-element .customText-cover a:hover\n\t\t\t{\n\t\t\t\tcolor: #3b77d1;\n\t\t\t}\n\t\t\thtml .formcraft-css .fc-form.fc-form-4.label-floating .form-element .field-cover > span\n\t\t\t{\n\t\t\t\tcolor: #666666;\n\t\t\t}\n\t\t\thtml .formcraft-css .fc-form .final-success .final-success-check {\n\t\t\t\tborder: 2px solid #666666;\n\t\t\t}\n\t\t\t.formcraft-css .fc-form.fc-form-4 .form-element .field-cover input[type=\"text\"],\n\t\t\t.formcraft-css .fc-form.fc-form-4 .form-element .field-cover input[type=\"email\"],\n\t\t\t.formcraft-css .fc-form.fc-form-4 .form-element .field-cover input[type=\"password\"],\n\t\t\t.formcraft-css .fc-form.fc-form-4 .form-element .field-cover input[type=\"tel\"],\n\t\t\t.formcraft-css .fc-form.fc-form-4 .form-element .field-cover textarea,\n\t\t\t.formcraft-css .fc-form.fc-form-4 .form-element .field-cover select,\n\t\t\t.formcraft-css .fc-form.fc-form-4 .form-element .field-cover .time-fields-cover,\n\t\t\t.formcraft-css .fc-form.fc-form-4 .form-element .field-cover .awesomplete ul\n\t\t\t{\n\t\t\t\tcolor: #777;\n\t\t\t}\n\t\t\t.formcraft-css .fc-form.fc-form-4 .form-element .field-cover input[type=\"text\"],\n\t\t\t.formcraft-css .fc-form.fc-form-4 .form-element .field-cover input[type=\"password\"],\n\t\t\t.formcraft-css .fc-form.fc-form-4 .form-element .field-cover input[type=\"email\"],\n\t\t\t.formcraft-css .fc-form.fc-form-4 .form-element .field-cover input[type=\"radio\"],\n\t\t\t.formcraft-css .fc-form.fc-form-4 .form-element .field-cover input[type=\"checkbox\"],\n\t\t\t.formcraft-css .fc-form.fc-form-4 .form-element .field-cover input[type=\"tel\"],\n\t\t\t.formcraft-css .fc-form.fc-form-4 .form-element .field-cover select,\n\t\t\t.formcraft-css .fc-form.fc-form-4 .form-element .field-cover textarea\n\t\t\t{\n\t\t\t\tbackground-color: #fafafa;\n\t\t\t}\n\t\t\t.formcraft-css .fc-form.fc-form-4 .form-element .field-cover input[type=\"radio\"]:checked,\n\t\t\t.formcraft-css .fc-form.fc-form-4 .form-element .field-cover input[type=\"checkbox\"]:checked {\n\t\t\t\tborder-color: #3b77d1;\n\t\t\t\tbackground: #4488ee;\t\t\t\t\n\t\t\t}\n\t\t\t.formcraft-css .fc-form.fc-form-4 .form-element .star-cover label .star\n\t\t\t{\n\t\t\t\ttext-shadow: 0px 1px 0px #3b77d1;\n\t\t\t}\n\t\t\t.formcraft-css .fc-form.fc-form-4 .form-element .slider-cover .ui-slider-range\n\t\t\t{\n\t\t\t\tbox-shadow: 0px 1px 1px #3b77d1 inset;\n\t\t\t}\n\t\t\t.formcraft-css .fc-form.fc-form-4 .form-element .fileupload-cover .button-file\n\t\t\t{\n\t\t\t\tborder-color: #3b77d1;\n\t\t\t}\n\t\t\t.formcraft-css .fc-form.fc-form-4 .form-element .form-element-html input[type=\"password\"]:focus,\n\t\t\t.formcraft-css .fc-form.fc-form-4 .form-element .form-element-html input[type=\"email\"]:focus,\n\t\t\t.formcraft-css .fc-form.fc-form-4 .form-element .form-element-html input[type=\"tel\"]:focus,\n\t\t\t.formcraft-css .fc-form.fc-form-4 .form-element .form-element-html input[type=\"text\"]:focus,\n\t\t\t.formcraft-css .fc-form.fc-form-4 .form-element .form-element-html textarea:focus,\n\t\t\t.formcraft-css .fc-form.fc-form-4 .form-element .form-element-html select:focus\n\t\t\t{\n\t\t\t\tborder-color: #4488ee;\n\t\t\t}\n\t\t\t.formcraft-css .fc-form.fc-form-4 .form-element .form-element-html .field-cover .is-read-only:focus {\n\t\t\t\tborder-color: #ccc;\n\t\t\t}\n\t\t\t.formcraft-css .fc-form.fc-form-4\t\t\t{\n\t\t\t\tfont-family: inherit;\n\t\t\t}\n\t\t\t@media (max-width : 480px) {\n\t\t\t\thtml .dedicated-page,\n\t\t\t\thtml .dedicated-page .formcraft-css .fc-pagination > div.active\n\t\t\t\t{\n\t\t\t\t\tbackground: none;\n\t\t\t\t}\n\t\t\t}\n\t\t<\/style>\n\t\t<div class=\"form-cover\">\n\t\t\t<form data-auto-scroll=\"\" data-no-message-redirect=\"\" data-thousand=\"\" data-decimal=\".\" data-delay=\"\" data-id=\"4\" class=\"fc-form fc-form-4 align- fc-temp-class save-form- dont-submit-hidden- remove-asterisk- disable-enter- label-block field-border-visible frame-hidden icons-hide-true field-alignment-left\" style=\"width: ; color: #666666; font-size: 100%; background: none\">\n\t\t\t\t<!-- ngRepeat: page in Builder.FormElements track by $index --><div class=\"form-page form-page-0\" data-index=\"0\">\n\t\t\t\t\t\n\t\t\t\t\t<div class=\"form-page-content      ng-not-empty\">\n\t\t\t\t\t\t<div data-identifier=\"field1\" data-index=\"0\" style=\"width: 50%\" class=\" form-element form-element-field1 options-false form-element-0 default-false form-element-type-oneLineText is-required-true odd -handle\">\n\t\t\t\t\t\t\t<div class=\"form-element-html\"><div ><label class=\"oneLineText-cover field-cover \"><span class=\"sub-label-false\"><span class=\"main-label\"><span >Primer nombre<\/span><\/span><span class=\"sub-label\"><\/span><\/span><div><span class=\"error\"><\/span><input type=\"text\" placeholder=\"\" make-read-only=\"false\" data-field-id=\"field1\" name=\"field1[]\" data-min-char=\"\" data-max-char=\"\" data-val-type=\"\" data-regexp=\"\" data-is-required=\"true\" data-allow-spaces=\"\" class=\"validation-lenient\" data-placement=\"right\" data-toggle=\"tooltip\" tooltip=\"\" data-trigger=\"focus\" data-html=\"true\" data-input-mask=\"\" data-mask-placeholder=\"\" data-original-title=\"\"><i class=\"formcraft-icon formcraft-icon-type-\"><\/i><\/div><\/label><\/div><\/div>\n\t\t\t\t\t\t\t\n\t\t\t\t\t\t<\/div><div data-identifier=\"field2\" data-index=\"1\" style=\"width: 50%\" class=\" even form-element form-element-field2 options-false form-element-1 default-false form-element-type-oneLineText is-required-true -handle\">\n\t\t\t\t\t\t\t<div class=\"form-element-html\"><div ><label class=\"oneLineText-cover field-cover \"><span class=\"sub-label-false\"><span class=\"main-label\"><span >Apellido<\/span><\/span><span class=\"sub-label\"><\/span><\/span><div><span class=\"error\"><\/span><input type=\"text\" placeholder=\"\" make-read-only=\"false\" data-field-id=\"field2\" name=\"field2[]\" data-min-char=\"\" data-max-char=\"\" data-val-type=\"\" data-regexp=\"\" data-is-required=\"true\" data-allow-spaces=\"\" class=\"validation-lenient\" data-placement=\"right\" data-toggle=\"tooltip\" tooltip=\"\" data-trigger=\"focus\" data-html=\"true\" data-input-mask=\"\" data-mask-placeholder=\"\" data-original-title=\"\"><i class=\"formcraft-icon formcraft-icon-type-\"><\/i><\/div><\/label><\/div><\/div>\n\t\t\t\t\t\t\t\n\t\t\t\t\t\t<\/div><div data-identifier=\"field3\" data-index=\"2\" style=\"width: 50%\" class=\" form-element form-element-field3 options-false form-element-2 default-false form-element-type-email is-required-true odd -handle\">\n\t\t\t\t\t\t\t<div class=\"form-element-html\"><div ><label class=\"email-cover field-cover \"><span class=\"sub-label-true\"><span class=\"main-label\"><span >Email<\/span><\/span><span class=\"sub-label\"><\/span><\/span><div><span class=\"error\"><\/span><input placeholder=\"\" data-field-id=\"field3\" type=\"text\" data-val-type=\"email\" make-read-only=\"\" data-is-required=\"true\" name=\"field3\" class=\"validation-lenient\" data-placement=\"right\" data-toggle=\"tooltip\" tooltip=\"\" data-trigger=\"focus\" data-html=\"true\" data-original-title=\"\"><i class=\"formcraft-icon\">email<\/i><\/div><\/label><\/div><\/div>\n\t\t\t\t\t\t\t\n\t\t\t\t\t\t<\/div><div data-identifier=\"field4\" data-index=\"3\" style=\"width: 50%\" class=\" even form-element form-element-field4 options-false form-element-3 default-false form-element-type-oneLineText is-required-false -handle\">\n\t\t\t\t\t\t\t<div class=\"form-element-html\"><div ><label class=\"oneLineText-cover field-cover \"><span class=\"sub-label-false\"><span class=\"main-label\"><span >Tel\u00e9fono<\/span><\/span><span class=\"sub-label\"><\/span><\/span><div><span class=\"error\"><\/span><input type=\"text\" placeholder=\"\" make-read-only=\"false\" data-field-id=\"field4\" name=\"field4[]\" data-min-char=\"\" data-max-char=\"\" data-val-type=\"\" data-regexp=\"\" data-is-required=\"false\" data-allow-spaces=\"\" class=\"validation-lenient\" data-placement=\"right\" data-toggle=\"tooltip\" tooltip=\"\" data-trigger=\"focus\" data-html=\"true\" data-input-mask=\"\" data-mask-placeholder=\"\" data-original-title=\"\"><i class=\"formcraft-icon formcraft-icon-type-\"><\/i><\/div><\/label><\/div><\/div>\n\t\t\t\t\t\t\t\n\t\t\t\t\t\t<\/div><div data-identifier=\"field7\" data-index=\"4\" style=\"width: 100%\" class=\" form-element form-element-field7 options-false form-element-4 default-false form-element-type-oneLineText is-required-false odd -handle\">\n\t\t\t\t\t\t\t<div class=\"form-element-html\"><div ><label class=\"oneLineText-cover field-cover \"><span class=\"sub-label-false\"><span class=\"main-label\"><span >Sujeto<\/span><\/span><span class=\"sub-label\"><\/span><\/span><div><span class=\"error\"><\/span><input type=\"text\" placeholder=\"\" make-read-only=\"false\" data-field-id=\"field7\" name=\"field7[]\" data-min-char=\"\" data-max-char=\"\" data-val-type=\"\" data-regexp=\"\" data-is-required=\"false\" data-allow-spaces=\"\" class=\"validation-lenient\" data-placement=\"right\" data-toggle=\"tooltip\" tooltip=\"\" data-trigger=\"focus\" data-html=\"true\" data-input-mask=\"\" data-mask-placeholder=\"\" data-original-title=\"\"><i class=\"formcraft-icon formcraft-icon-type-\"><\/i><\/div><\/label><\/div><\/div>\n\t\t\t\t\t\t\t\n\t\t\t\t\t\t<\/div><div data-identifier=\"field5\" data-index=\"5\" style=\"width: 100%\" class=\" even form-element form-element-field5 options-false form-element-5 default-false form-element-type-textarea is-required-true -handle\">\n\t\t\t\t\t\t\t<div class=\"form-element-html\"><div ><label class=\"textarea-cover field-cover \"><span class=\"sub-label-false\"><span class=\"main-label\"><span >Mensaje<\/span><\/span><span class=\"sub-label\"><\/span><\/span><div><span class=\"error\"><\/span><textarea data-field-id=\"field5\" placeholder=\"\" class=\"validation-lenient\" name=\"field5\" value=\"\" rows=\"5\" data-min-char=\"\" data-max-char=\"\" data-is-required=\"true\" data-placement=\"right\" data-toggle=\"tooltip\" tooltip=\"\" data-trigger=\"focus\" data-html=\"true\" data-original-title=\"\" style=\"min-height: 110.817px\"><\/textarea><div class=\"count-\"><span class=\"current-count\">0<\/span> \/ <span class=\"max-count \"><\/span><\/div><\/div><\/label><\/div><\/div>\n\t\t\t\t\t\t\t\n\t\t\t\t\t\t<\/div><div data-identifier=\"field6\" data-index=\"6\" style=\"width: 100%\" class=\" form-element form-element-field6 options-false form-element-6 default-false form-element-type-submit is-required-false odd -handle\">\n\t\t\t\t\t\t\t<div class=\"form-element-html\"><div ><div class=\"align-center wide-false submit-cover field-cover\"><button type=\"submit\" class=\"button submit-button\"><span class=\"text \">Enviar<\/span><span class=\"spin-cover\"><i style=\"color:\" class=\"loading-icon icon-cog animate-spin\"><\/i><\/span><\/button><\/div><div class=\"submit-response \"><\/div><label ><input type=\"text\" class=\"required_field\" name=\"website\" autocomplete=\"maple-syrup-pot\"><\/label><\/div><\/div>\n\t\t\t\t\t\t\t\n\t\t\t\t\t\t<\/div>\n\t\t\t\t\t<\/div>\n\t\t\t\t<\/div><!-- end ngRepeat: page in Builder.FormElements track by $index -->\n\t\t\t<\/form>\n\t\t\t<div class=\"prev-next prev-next-1\" style=\"width: ; color: #666666; font-size: 100%; background: none\">\n\t\t\t\t<div>\n\t\t\t\t\t\n\t\t\t\t\t<span class=\"inactive page-prev \"><i class=\"formcraft-icon\">keyboard_arrow_left<\/i>Previous<\/span><\/div>\n\t\t\t\t<div>\n\t\t\t\t\t\n\t\t\t\t\t<span class=\"page-next \">Next<i class=\"formcraft-icon\">keyboard_arrow_right<\/i><\/span><\/div>\n\t\t\t<\/div>\n\t\t<\/div><a class=\"powered-by\" target=\"_blank\" href=\"http:\/\/formcraft-wp.com?source=pb\"\/>FormCraft - WordPress form builder<\/a><\/div>[\/vc_column_text][\/vc_column][vc_column width=\u00bb1\/6&#8243; offset=\u00bbvc_col-lg-2 vc_col-md-1 vc_hidden-sm vc_hidden-xs\u00bb][\/vc_column][\/vc_row][vc_row full_width=\u00bbstretch_row_content_no_spaces\u00bb equal_height=\u00bbyes\u00bb content_placement=\u00bbmiddle\u00bb css=\u00bb.vc_custom_1549375495939{margin: 0px !important;padding: 0px !important;background-color: #f48e31 !important;}\u00bb][vc_column width=\u00bb1\/2&#8243; css=\u00bb.vc_custom_1549373549515{margin: 0px !important;padding: 50px !important;}\u00bb][vc_column_text]<\/p>\n<h2><span class=\"is-uppercase is-font1 is-color1\">Fyba Lawyers<\/span><\/h2>\n<p>[\/vc_column_text][mbp_sep][vc_column_text]<\/p>\n<h6><span class=\"is-font1 is-color1\">R\u00e9sidence Chakir<\/span><br \/>\n<span class=\"is-font1 is-color1\">184 Bd Ghandi 4 \u00e8me Etage<\/span><br \/>\n<span class=\"is-font1 is-color1\">Casablanca<\/span><\/h6>\n<p>[\/vc_column_text][mbp_sep][vc_column_text]<\/p>\n<h6><span class=\"is-font1 is-color1\">T\u00e9l. +212 5 223 695 05\/06<\/span><br \/>\n<span class=\"is-font1 is-color1\">Fax +212 5 223 695 03<\/span><\/h6>\n<p>[\/vc_column_text][\/vc_column][vc_column width=\u00bb1\/2&#8243; css=\u00bb.vc_custom_1549373534200{margin: 0px !important;padding: 0px !important;}\u00bb][vc_gmaps link=\u00bb#E-8_JTNDaWZyYW1lJTIwc3JjJTNEJTIyaHR0cHMlM0ElMkYlMkZ3d3cuZ29vZ2xlLmNvbSUyRm1hcHMlMkZlbWJlZCUzRnBiJTNEJTIxMW0xOCUyMTFtMTIlMjExbTMlMjExZDEzMjk3LjMwNTI0MTM4MjUyNiUyMTJkLTcuNjU1MTc5NzcxMDc2Mzg2JTIxM2QzMy41NzA4NzU5NzMzNDE5NyUyMTJtMyUyMTFmMCUyMTJmMCUyMTNmMCUyMTNtMiUyMTFpMTAyNCUyMTJpNzY4JTIxNGYxMy4xJTIxM20zJTIxMW0yJTIxMXMweGRhN2QzNWRlYzczOGYyNSUyNTNBMHg4N2QyMWZhODUwMTRjZjhmJTIxMnNZb3Vzc2VmJTI1MjBGYXNzaS1GaWhyaSUyNTIwLSUyNTIwRnliYUxhd3llcnMlMjUyMEF2b2NhdHMlMjE1ZTAlMjEzbTIlMjExc2ZyJTIxMnNtYSUyMTR2MTcwNzI1MTQ3NjYwMCUyMTVtMiUyMTFzZnIlMjEyc21hJTIyJTIwd2lkdGglM0QlMjI2MDAlMjIlMjBoZWlnaHQlM0QlMjI0NTAlMjIlMjBzdHlsZSUzRCUyMmJvcmRlciUzQTAlM0IlMjIlMjBhbGxvd2Z1bGxzY3JlZW4lM0QlMjIlMjIlMjBsb2FkaW5nJTNEJTIybGF6eSUyMiUyMHJlZmVycmVycG9saWN5JTNEJTIybm8tcmVmZXJyZXItd2hlbi1kb3duZ3JhZGUlMjIlM0UlM0MlMkZpZnJhbWUlM0U=\u00bb size=\u00bb\u00bb][\/vc_column][\/vc_row]<\/p>\n","protected":false},"excerpt":{"rendered":"<p>[vc_row full_width=\u00bbstretch_row_content_no_spaces\u00bb css=\u00bb.vc_custom_1549378355496{padding: 0px !important;}\u00bb][vc_column][mbp_cabinet titre=\u00bbBUFETE\u00bb] Fundado en 2003 por el Letrado Youssef Fassi-Fihri y el Letrado Adil Belarbi. El Bufete FybaLawyers hoy en d\u00eda es muy conocido y tiene buena reputaci\u00f3n en la ciudad de Casablanca. Ofrece sus servicios en varios \u00e1mbitos de derecho dando consejos o en asuntos contenciosos. Adem\u00e1s, el Bufete actualmente [&hellip;]<\/p>\n","protected":false},"author":1,"featured_media":150,"parent":0,"menu_order":0,"comment_status":"closed","ping_status":"closed","template":"","meta":[],"acf":[],"_links":{"self":[{"href":"https:\/\/www.fybalawyers.com\/es\/wp-json\/wp\/v2\/pages\/205\/"}],"collection":[{"href":"https:\/\/www.fybalawyers.com\/es\/wp-json\/wp\/v2\/pages\/"}],"about":[{"href":"https:\/\/www.fybalawyers.com\/es\/wp-json\/wp\/v2\/types\/page\/"}],"author":[{"embeddable":true,"href":"https:\/\/www.fybalawyers.com\/es\/wp-json\/wp\/v2\/users\/1\/"}],"replies":[{"embeddable":true,"href":"https:\/\/www.fybalawyers.com\/es\/wp-json\/wp\/v2\/comments\/?post=205"}],"version-history":[{"count":4,"href":"https:\/\/www.fybalawyers.com\/es\/wp-json\/wp\/v2\/pages\/205\/revisions\/"}],"predecessor-version":[{"id":232,"href":"https:\/\/www.fybalawyers.com\/es\/wp-json\/wp\/v2\/pages\/205\/revisions\/232\/"}],"wp:featuredmedia":[{"embeddable":true,"href":"https:\/\/www.fybalawyers.com\/es\/wp-json\/wp\/v2\/media\/150\/"}],"wp:attachment":[{"href":"https:\/\/www.fybalawyers.com\/es\/wp-json\/wp\/v2\/media\/?parent=205"}],"curies":[{"name":"wp","href":"https:\/\/api.w.org\/{rel}","templated":true}]}}